{"id":11,"date":"2012-11-12T21:57:46","date_gmt":"2012-11-12T21:57:46","guid":{"rendered":"http:\/\/www.lpsarad.ro\/?page_id=11"},"modified":"2025-09-06T14:46:36","modified_gmt":"2025-09-06T11:46:36","slug":"elevii-nostri","status":"publish","type":"page","link":"https:\/\/www.lpsarad.ro\/?page_id=11","title":{"rendered":"Informa\u021bii pentru elevi"},"content":{"rendered":"\n<figure class=\"wp-block-embed is-type-wp-embed is-provider-liceul-cu-program-sportiv-arad wp-block-embed-liceul-cu-program-sportiv-arad\"><div class=\"wp-block-embed__wrapper\">\n<blockquote class=\"wp-embedded-content\" data-secret=\"kC7n4QM7Xk\"><a href=\"https:\/\/www.lpsarad.ro\/?page_id=4593\">Admitere 2025-2026<\/a><\/blockquote><iframe loading=\"lazy\" class=\"wp-embedded-content\" sandbox=\"allow-scripts\" security=\"restricted\" style=\"position: absolute; visibility: hidden;\" title=\"&#8222;Admitere 2025-2026&#8221; &#8211; Liceul cu Program Sportiv Arad\" src=\"https:\/\/www.lpsarad.ro\/?page_id=4593&#038;embed=true#?secret=fGeOzRjbdF#?secret=kC7n4QM7Xk\" data-secret=\"kC7n4QM7Xk\" width=\"600\" height=\"338\" frameborder=\"0\" marginwidth=\"0\" marginheight=\"0\" scrolling=\"no\"><\/iframe>\n<\/div><\/figure>\n\n\n\n<figure class=\"wp-block-embed is-type-wp-embed is-provider-liceul-cu-program-sportiv-arad wp-block-embed-liceul-cu-program-sportiv-arad\"><div class=\"wp-block-embed__wrapper\">\n<blockquote class=\"wp-embedded-content\" data-secret=\"hf1FHFspdc\"><a href=\"https:\/\/www.lpsarad.ro\/?page_id=4455\">Bacalaureat 2025<\/a><\/blockquote><iframe loading=\"lazy\" class=\"wp-embedded-content\" sandbox=\"allow-scripts\" security=\"restricted\" style=\"position: absolute; visibility: hidden;\" title=\"&#8222;Bacalaureat 2025&#8221; &#8211; Liceul cu Program Sportiv Arad\" src=\"https:\/\/www.lpsarad.ro\/?page_id=4455&#038;embed=true#?secret=FFCHNDKk7P#?secret=hf1FHFspdc\" data-secret=\"hf1FHFspdc\" width=\"600\" height=\"338\" frameborder=\"0\" marginwidth=\"0\" marginheight=\"0\" scrolling=\"no\"><\/iframe>\n<\/div><\/figure>\n\n\n\n<figure class=\"wp-block-embed is-type-wp-embed is-provider-liceul-cu-program-sportiv-arad wp-block-embed-liceul-cu-program-sportiv-arad\"><div class=\"wp-block-embed__wrapper\">\n<blockquote class=\"wp-embedded-content\" data-secret=\"usx9G5a6sk\"><a href=\"https:\/\/www.lpsarad.ro\/?page_id=4895\">\u00ceNSCRIERE \u00ceNV\u0102\u021a\u0102M\u00c2NT PRIMAR 2025-2026<\/a><\/blockquote><iframe loading=\"lazy\" class=\"wp-embedded-content\" sandbox=\"allow-scripts\" security=\"restricted\" style=\"position: absolute; visibility: hidden;\" title=\"&#8222;\u00ceNSCRIERE \u00ceNV\u0102\u021a\u0102M\u00c2NT PRIMAR 2025-2026&#8221; &#8211; Liceul cu Program Sportiv Arad\" src=\"https:\/\/www.lpsarad.ro\/?page_id=4895&#038;embed=true#?secret=C17rpxgYRG#?secret=usx9G5a6sk\" data-secret=\"usx9G5a6sk\" width=\"600\" height=\"338\" frameborder=\"0\" marginwidth=\"0\" marginheight=\"0\" scrolling=\"no\"><\/iframe>\n<\/div><\/figure>\n\n\n\n<p><\/p>\n\n\n\n<p><\/p>\n","protected":false},"excerpt":{"rendered":"","protected":false},"author":1,"featured_media":0,"parent":0,"menu_order":6,"comment_status":"closed","ping_status":"closed","template":"","meta":{"footnotes":""},"class_list":["post-11","page","type-page","status-publish","hentry"],"_links":{"self":[{"href":"https:\/\/www.lpsarad.ro\/index.php?rest_route=\/wp\/v2\/pages\/11","targetHints":{"allow":["GET"]}}],"collection":[{"href":"https:\/\/www.lpsarad.ro\/index.php?rest_route=\/wp\/v2\/pages"}],"about":[{"href":"https:\/\/www.lpsarad.ro\/index.php?rest_route=\/wp\/v2\/types\/page"}],"author":[{"embeddable":true,"href":"https:\/\/www.lpsarad.ro\/index.php?rest_route=\/wp\/v2\/users\/1"}],"replies":[{"embeddable":true,"href":"https:\/\/www.lpsarad.ro\/index.php?rest_route=%2Fwp%2Fv2%2Fcomments&post=11"}],"version-history":[{"count":31,"href":"https:\/\/www.lpsarad.ro\/index.php?rest_route=\/wp\/v2\/pages\/11\/revisions"}],"predecessor-version":[{"id":5037,"href":"https:\/\/www.lpsarad.ro\/index.php?rest_route=\/wp\/v2\/pages\/11\/revisions\/5037"}],"wp:attachment":[{"href":"https:\/\/www.lpsarad.ro\/index.php?rest_route=%2Fwp%2Fv2%2Fmedia&parent=11"}],"curies":[{"name":"wp","href":"https:\/\/api.w.org\/{rel}","templated":true}]}}