{"id":298,"date":"2012-11-30T10:25:30","date_gmt":"2012-11-30T10:25:30","guid":{"rendered":"http:\/\/www.lpsarad.ro\/?page_id=298"},"modified":"2020-05-08T22:14:27","modified_gmt":"2020-05-08T19:14:27","slug":"inot","status":"publish","type":"page","link":"https:\/\/www.lpsarad.ro\/?page_id=298","title":{"rendered":"Proiecte transfrontaliere"},"content":{"rendered":"\n<p><\/p>\n\n\n\n<p class=\"has-text-align-center\"><span lang=\"ro-RO\">\u0218<\/span><span lang=\"ro-RO\">coala din Kikinda <\/span><span lang=\"ro-RO\">\u0219<\/span><span lang=\"ro-RO\">i <\/span><span lang=\"sr-RS\">\u201e<\/span><span lang=\"ro-RO\">BASCHET<\/span><span lang=\"sr-RS\"> 3\u04253 <\/span><span lang=\"ro-RO\">KIKINDA&nbsp;<\/span><span lang=\"sr-RS\">2017<\/span><span lang=\"sr-RS\">\u201c<\/span><span lang=\"ro-RO\"> au organizat competi\u0163ia: <\/span><span lang=\"sr-RS\">\u201e<\/span><span lang=\"ro-RO\">PUTEREA&nbsp;<\/span><span lang=\"sr-RS\">TINERET<\/span><span lang=\"ro-RO\">ULUI<\/span><span lang=\"sr-RS\"> PENTRU O VIA<\/span><span lang=\"sr-RS\">\u021a<\/span><span lang=\"sr-RS\">\u0102&nbsp;<\/span><span lang=\"sr-RS\">S<\/span><span lang=\"sr-RS\">\u0102<\/span><span lang=\"sr-RS\">N<\/span><span lang=\"sr-RS\">\u0102<\/span><span lang=\"sr-RS\">TOAS<\/span><span lang=\"sr-RS\">\u0102&nbsp;<\/span><span lang=\"sr-RS\">III\u201c<\/span><span lang=\"ro-RO\">, competi<\/span><span lang=\"ro-RO\">\u021b<\/span><span lang=\"ro-RO\">ie la care a fost invitat <\/span><span lang=\"ro-RO\">\u0219<\/span><span lang=\"ro-RO\">i liceul nostru.<\/span><\/p>\n\n\n\n<figure class=\"wp-block-gallery columns-4 is-cropped wp-block-gallery-1 is-layout-flex wp-block-gallery-is-layout-flex\"><ul class=\"blocks-gallery-grid\"><li class=\"blocks-gallery-item\"><figure><a href=\"https:\/\/www.lpsarad.ro\/wp-content\/uploads\/2017\/11\/Parteneriate27.jpg\"><img loading=\"lazy\" decoding=\"async\" width=\"974\" height=\"730\" src=\"https:\/\/www.lpsarad.ro\/wp-content\/uploads\/2017\/11\/Parteneriate27.jpg\" alt=\"\" data-id=\"976\" class=\"wp-image-976\" srcset=\"https:\/\/www.lpsarad.ro\/wp-content\/uploads\/2017\/11\/Parteneriate27.jpg 974w, https:\/\/www.lpsarad.ro\/wp-content\/uploads\/2017\/11\/Parteneriate27-300x225.jpg 300w, https:\/\/www.lpsarad.ro\/wp-content\/uploads\/2017\/11\/Parteneriate27-768x576.jpg 768w\" sizes=\"auto, (max-width: 974px) 100vw, 974px\" \/><\/a><\/figure><\/li><li class=\"blocks-gallery-item\"><figure><a href=\"https:\/\/www.lpsarad.ro\/wp-content\/uploads\/2017\/11\/Parteneriate26.jpg\"><img loading=\"lazy\" decoding=\"async\" width=\"974\" height=\"730\" src=\"https:\/\/www.lpsarad.ro\/wp-content\/uploads\/2017\/11\/Parteneriate26.jpg\" alt=\"\" data-id=\"975\" class=\"wp-image-975\" srcset=\"https:\/\/www.lpsarad.ro\/wp-content\/uploads\/2017\/11\/Parteneriate26.jpg 974w, https:\/\/www.lpsarad.ro\/wp-content\/uploads\/2017\/11\/Parteneriate26-300x225.jpg 300w, https:\/\/www.lpsarad.ro\/wp-content\/uploads\/2017\/11\/Parteneriate26-768x576.jpg 768w\" sizes=\"auto, (max-width: 974px) 100vw, 974px\" \/><\/a><\/figure><\/li><li class=\"blocks-gallery-item\"><figure><a href=\"https:\/\/www.lpsarad.ro\/wp-content\/uploads\/2017\/11\/Parteneriate25.jpg\"><img loading=\"lazy\" decoding=\"async\" width=\"974\" height=\"730\" src=\"https:\/\/www.lpsarad.ro\/wp-content\/uploads\/2017\/11\/Parteneriate25.jpg\" alt=\"\" data-id=\"974\" class=\"wp-image-974\" srcset=\"https:\/\/www.lpsarad.ro\/wp-content\/uploads\/2017\/11\/Parteneriate25.jpg 974w, https:\/\/www.lpsarad.ro\/wp-content\/uploads\/2017\/11\/Parteneriate25-300x225.jpg 300w, https:\/\/www.lpsarad.ro\/wp-content\/uploads\/2017\/11\/Parteneriate25-768x576.jpg 768w\" sizes=\"auto, (max-width: 974px) 100vw, 974px\" \/><\/a><\/figure><\/li><li class=\"blocks-gallery-item\"><figure><a href=\"https:\/\/www.lpsarad.ro\/wp-content\/uploads\/2017\/11\/Parteneriate24.jpg\"><img loading=\"lazy\" decoding=\"async\" width=\"1031\" height=\"773\" src=\"https:\/\/www.lpsarad.ro\/wp-content\/uploads\/2017\/11\/Parteneriate24.jpg\" alt=\"\" data-id=\"973\" class=\"wp-image-973\" srcset=\"https:\/\/www.lpsarad.ro\/wp-content\/uploads\/2017\/11\/Parteneriate24.jpg 1031w, https:\/\/www.lpsarad.ro\/wp-content\/uploads\/2017\/11\/Parteneriate24-300x225.jpg 300w, https:\/\/www.lpsarad.ro\/wp-content\/uploads\/2017\/11\/Parteneriate24-768x576.jpg 768w, https:\/\/www.lpsarad.ro\/wp-content\/uploads\/2017\/11\/Parteneriate24-1024x768.jpg 1024w\" sizes=\"auto, (max-width: 1031px) 100vw, 1031px\" \/><\/a><\/figure><\/li><li class=\"blocks-gallery-item\"><figure><a href=\"https:\/\/www.lpsarad.ro\/wp-content\/uploads\/2017\/11\/Parteneriate23.jpg\"><img loading=\"lazy\" decoding=\"async\" width=\"974\" height=\"730\" src=\"https:\/\/www.lpsarad.ro\/wp-content\/uploads\/2017\/11\/Parteneriate23.jpg\" alt=\"\" data-id=\"972\" class=\"wp-image-972\" srcset=\"https:\/\/www.lpsarad.ro\/wp-content\/uploads\/2017\/11\/Parteneriate23.jpg 974w, https:\/\/www.lpsarad.ro\/wp-content\/uploads\/2017\/11\/Parteneriate23-300x225.jpg 300w, https:\/\/www.lpsarad.ro\/wp-content\/uploads\/2017\/11\/Parteneriate23-768x576.jpg 768w\" sizes=\"auto, (max-width: 974px) 100vw, 974px\" \/><\/a><\/figure><\/li><li class=\"blocks-gallery-item\"><figure><a href=\"https:\/\/www.lpsarad.ro\/wp-content\/uploads\/2017\/11\/Parteneriate22.jpg\"><img loading=\"lazy\" decoding=\"async\" width=\"548\" height=\"730\" src=\"https:\/\/www.lpsarad.ro\/wp-content\/uploads\/2017\/11\/Parteneriate22.jpg\" alt=\"\" data-id=\"971\" class=\"wp-image-971\" srcset=\"https:\/\/www.lpsarad.ro\/wp-content\/uploads\/2017\/11\/Parteneriate22.jpg 548w, https:\/\/www.lpsarad.ro\/wp-content\/uploads\/2017\/11\/Parteneriate22-225x300.jpg 225w\" sizes=\"auto, (max-width: 548px) 100vw, 548px\" \/><\/a><\/figure><\/li><li class=\"blocks-gallery-item\"><figure><a href=\"https:\/\/www.lpsarad.ro\/wp-content\/uploads\/2017\/11\/Parteneriate21.jpg\"><img loading=\"lazy\" decoding=\"async\" width=\"1031\" height=\"773\" src=\"https:\/\/www.lpsarad.ro\/wp-content\/uploads\/2017\/11\/Parteneriate21.jpg\" alt=\"\" data-id=\"970\" class=\"wp-image-970\" srcset=\"https:\/\/www.lpsarad.ro\/wp-content\/uploads\/2017\/11\/Parteneriate21.jpg 1031w, https:\/\/www.lpsarad.ro\/wp-content\/uploads\/2017\/11\/Parteneriate21-300x225.jpg 300w, https:\/\/www.lpsarad.ro\/wp-content\/uploads\/2017\/11\/Parteneriate21-768x576.jpg 768w, https:\/\/www.lpsarad.ro\/wp-content\/uploads\/2017\/11\/Parteneriate21-1024x768.jpg 1024w\" sizes=\"auto, (max-width: 1031px) 100vw, 1031px\" \/><\/a><\/figure><\/li><li class=\"blocks-gallery-item\"><figure><a href=\"https:\/\/www.lpsarad.ro\/wp-content\/uploads\/2017\/11\/Parteneriate20.jpg\"><img loading=\"lazy\" decoding=\"async\" width=\"1031\" height=\"773\" src=\"https:\/\/www.lpsarad.ro\/wp-content\/uploads\/2017\/11\/Parteneriate20.jpg\" alt=\"\" data-id=\"969\" class=\"wp-image-969\" srcset=\"https:\/\/www.lpsarad.ro\/wp-content\/uploads\/2017\/11\/Parteneriate20.jpg 1031w, https:\/\/www.lpsarad.ro\/wp-content\/uploads\/2017\/11\/Parteneriate20-300x225.jpg 300w, https:\/\/www.lpsarad.ro\/wp-content\/uploads\/2017\/11\/Parteneriate20-768x576.jpg 768w, https:\/\/www.lpsarad.ro\/wp-content\/uploads\/2017\/11\/Parteneriate20-1024x768.jpg 1024w\" sizes=\"auto, (max-width: 1031px) 100vw, 1031px\" \/><\/a><\/figure><\/li><li class=\"blocks-gallery-item\"><figure><a href=\"https:\/\/www.lpsarad.ro\/wp-content\/uploads\/2017\/11\/Parteneriate19.jpg\"><img loading=\"lazy\" decoding=\"async\" width=\"1031\" height=\"773\" src=\"https:\/\/www.lpsarad.ro\/wp-content\/uploads\/2017\/11\/Parteneriate19.jpg\" alt=\"\" data-id=\"968\" class=\"wp-image-968\" srcset=\"https:\/\/www.lpsarad.ro\/wp-content\/uploads\/2017\/11\/Parteneriate19.jpg 1031w, https:\/\/www.lpsarad.ro\/wp-content\/uploads\/2017\/11\/Parteneriate19-300x225.jpg 300w, https:\/\/www.lpsarad.ro\/wp-content\/uploads\/2017\/11\/Parteneriate19-768x576.jpg 768w, https:\/\/www.lpsarad.ro\/wp-content\/uploads\/2017\/11\/Parteneriate19-1024x768.jpg 1024w\" sizes=\"auto, (max-width: 1031px) 100vw, 1031px\" \/><\/a><\/figure><\/li><li class=\"blocks-gallery-item\"><figure><a href=\"https:\/\/www.lpsarad.ro\/wp-content\/uploads\/2017\/11\/Parteneriate18.jpg\"><img loading=\"lazy\" decoding=\"async\" width=\"1031\" height=\"773\" src=\"https:\/\/www.lpsarad.ro\/wp-content\/uploads\/2017\/11\/Parteneriate18.jpg\" alt=\"\" data-id=\"967\" class=\"wp-image-967\" srcset=\"https:\/\/www.lpsarad.ro\/wp-content\/uploads\/2017\/11\/Parteneriate18.jpg 1031w, https:\/\/www.lpsarad.ro\/wp-content\/uploads\/2017\/11\/Parteneriate18-300x225.jpg 300w, https:\/\/www.lpsarad.ro\/wp-content\/uploads\/2017\/11\/Parteneriate18-768x576.jpg 768w, https:\/\/www.lpsarad.ro\/wp-content\/uploads\/2017\/11\/Parteneriate18-1024x768.jpg 1024w\" sizes=\"auto, (max-width: 1031px) 100vw, 1031px\" \/><\/a><\/figure><\/li><li class=\"blocks-gallery-item\"><figure><a href=\"https:\/\/www.lpsarad.ro\/wp-content\/uploads\/2017\/11\/Parteneriate17.jpg\"><img loading=\"lazy\" decoding=\"async\" width=\"974\" height=\"730\" src=\"https:\/\/www.lpsarad.ro\/wp-content\/uploads\/2017\/11\/Parteneriate17.jpg\" alt=\"\" data-id=\"966\" class=\"wp-image-966\" srcset=\"https:\/\/www.lpsarad.ro\/wp-content\/uploads\/2017\/11\/Parteneriate17.jpg 974w, https:\/\/www.lpsarad.ro\/wp-content\/uploads\/2017\/11\/Parteneriate17-300x225.jpg 300w, https:\/\/www.lpsarad.ro\/wp-content\/uploads\/2017\/11\/Parteneriate17-768x576.jpg 768w\" sizes=\"auto, (max-width: 974px) 100vw, 974px\" \/><\/a><\/figure><\/li><li class=\"blocks-gallery-item\"><figure><a href=\"https:\/\/www.lpsarad.ro\/wp-content\/uploads\/2017\/11\/Parteneriate16.jpg\"><img loading=\"lazy\" decoding=\"async\" width=\"1031\" height=\"773\" src=\"https:\/\/www.lpsarad.ro\/wp-content\/uploads\/2017\/11\/Parteneriate16.jpg\" alt=\"\" data-id=\"965\" class=\"wp-image-965\" srcset=\"https:\/\/www.lpsarad.ro\/wp-content\/uploads\/2017\/11\/Parteneriate16.jpg 1031w, https:\/\/www.lpsarad.ro\/wp-content\/uploads\/2017\/11\/Parteneriate16-300x225.jpg 300w, https:\/\/www.lpsarad.ro\/wp-content\/uploads\/2017\/11\/Parteneriate16-768x576.jpg 768w, https:\/\/www.lpsarad.ro\/wp-content\/uploads\/2017\/11\/Parteneriate16-1024x768.jpg 1024w\" sizes=\"auto, (max-width: 1031px) 100vw, 1031px\" \/><\/a><\/figure><\/li><li class=\"blocks-gallery-item\"><figure><a href=\"https:\/\/www.lpsarad.ro\/wp-content\/uploads\/2017\/11\/Parteneriate15.jpg\"><img loading=\"lazy\" decoding=\"async\" width=\"974\" height=\"730\" src=\"https:\/\/www.lpsarad.ro\/wp-content\/uploads\/2017\/11\/Parteneriate15.jpg\" alt=\"\" data-id=\"964\" class=\"wp-image-964\" srcset=\"https:\/\/www.lpsarad.ro\/wp-content\/uploads\/2017\/11\/Parteneriate15.jpg 974w, https:\/\/www.lpsarad.ro\/wp-content\/uploads\/2017\/11\/Parteneriate15-300x225.jpg 300w, https:\/\/www.lpsarad.ro\/wp-content\/uploads\/2017\/11\/Parteneriate15-768x576.jpg 768w\" sizes=\"auto, (max-width: 974px) 100vw, 974px\" \/><\/a><\/figure><\/li><li class=\"blocks-gallery-item\"><figure><a href=\"https:\/\/www.lpsarad.ro\/wp-content\/uploads\/2017\/11\/Parteneriate14.jpg\"><img loading=\"lazy\" decoding=\"async\" width=\"1031\" height=\"773\" src=\"https:\/\/www.lpsarad.ro\/wp-content\/uploads\/2017\/11\/Parteneriate14.jpg\" alt=\"\" data-id=\"963\" class=\"wp-image-963\" srcset=\"https:\/\/www.lpsarad.ro\/wp-content\/uploads\/2017\/11\/Parteneriate14.jpg 1031w, https:\/\/www.lpsarad.ro\/wp-content\/uploads\/2017\/11\/Parteneriate14-300x225.jpg 300w, https:\/\/www.lpsarad.ro\/wp-content\/uploads\/2017\/11\/Parteneriate14-768x576.jpg 768w, https:\/\/www.lpsarad.ro\/wp-content\/uploads\/2017\/11\/Parteneriate14-1024x768.jpg 1024w\" sizes=\"auto, (max-width: 1031px) 100vw, 1031px\" \/><\/a><\/figure><\/li><li class=\"blocks-gallery-item\"><figure><a href=\"https:\/\/www.lpsarad.ro\/wp-content\/uploads\/2017\/11\/Parteneriate13.jpg\"><img loading=\"lazy\" decoding=\"async\" width=\"1031\" height=\"773\" src=\"https:\/\/www.lpsarad.ro\/wp-content\/uploads\/2017\/11\/Parteneriate13.jpg\" alt=\"\" data-id=\"962\" class=\"wp-image-962\" srcset=\"https:\/\/www.lpsarad.ro\/wp-content\/uploads\/2017\/11\/Parteneriate13.jpg 1031w, https:\/\/www.lpsarad.ro\/wp-content\/uploads\/2017\/11\/Parteneriate13-300x225.jpg 300w, https:\/\/www.lpsarad.ro\/wp-content\/uploads\/2017\/11\/Parteneriate13-768x576.jpg 768w, https:\/\/www.lpsarad.ro\/wp-content\/uploads\/2017\/11\/Parteneriate13-1024x768.jpg 1024w\" sizes=\"auto, (max-width: 1031px) 100vw, 1031px\" \/><\/a><\/figure><\/li><li class=\"blocks-gallery-item\"><figure><a href=\"https:\/\/www.lpsarad.ro\/wp-content\/uploads\/2017\/11\/Parteneriate12.jpg\"><img loading=\"lazy\" decoding=\"async\" width=\"1031\" height=\"773\" src=\"https:\/\/www.lpsarad.ro\/wp-content\/uploads\/2017\/11\/Parteneriate12.jpg\" alt=\"\" data-id=\"961\" class=\"wp-image-961\" srcset=\"https:\/\/www.lpsarad.ro\/wp-content\/uploads\/2017\/11\/Parteneriate12.jpg 1031w, https:\/\/www.lpsarad.ro\/wp-content\/uploads\/2017\/11\/Parteneriate12-300x225.jpg 300w, https:\/\/www.lpsarad.ro\/wp-content\/uploads\/2017\/11\/Parteneriate12-768x576.jpg 768w, https:\/\/www.lpsarad.ro\/wp-content\/uploads\/2017\/11\/Parteneriate12-1024x768.jpg 1024w\" sizes=\"auto, (max-width: 1031px) 100vw, 1031px\" \/><\/a><\/figure><\/li><li class=\"blocks-gallery-item\"><figure><a href=\"https:\/\/www.lpsarad.ro\/wp-content\/uploads\/2017\/11\/Parteneriate11.jpg\"><img loading=\"lazy\" decoding=\"async\" width=\"1031\" height=\"773\" src=\"https:\/\/www.lpsarad.ro\/wp-content\/uploads\/2017\/11\/Parteneriate11.jpg\" alt=\"\" data-id=\"960\" class=\"wp-image-960\" srcset=\"https:\/\/www.lpsarad.ro\/wp-content\/uploads\/2017\/11\/Parteneriate11.jpg 1031w, https:\/\/www.lpsarad.ro\/wp-content\/uploads\/2017\/11\/Parteneriate11-300x225.jpg 300w, https:\/\/www.lpsarad.ro\/wp-content\/uploads\/2017\/11\/Parteneriate11-768x576.jpg 768w, https:\/\/www.lpsarad.ro\/wp-content\/uploads\/2017\/11\/Parteneriate11-1024x768.jpg 1024w\" sizes=\"auto, (max-width: 1031px) 100vw, 1031px\" \/><\/a><\/figure><\/li><li class=\"blocks-gallery-item\"><figure><a href=\"https:\/\/www.lpsarad.ro\/wp-content\/uploads\/2017\/11\/Parteneriate10.jpg\"><img loading=\"lazy\" decoding=\"async\" width=\"1031\" height=\"773\" src=\"https:\/\/www.lpsarad.ro\/wp-content\/uploads\/2017\/11\/Parteneriate10.jpg\" alt=\"\" data-id=\"959\" class=\"wp-image-959\" srcset=\"https:\/\/www.lpsarad.ro\/wp-content\/uploads\/2017\/11\/Parteneriate10.jpg 1031w, https:\/\/www.lpsarad.ro\/wp-content\/uploads\/2017\/11\/Parteneriate10-300x225.jpg 300w, https:\/\/www.lpsarad.ro\/wp-content\/uploads\/2017\/11\/Parteneriate10-768x576.jpg 768w, https:\/\/www.lpsarad.ro\/wp-content\/uploads\/2017\/11\/Parteneriate10-1024x768.jpg 1024w\" sizes=\"auto, (max-width: 1031px) 100vw, 1031px\" \/><\/a><\/figure><\/li><li class=\"blocks-gallery-item\"><figure><a href=\"https:\/\/www.lpsarad.ro\/wp-content\/uploads\/2017\/11\/Parteneriate9.jpg\"><img loading=\"lazy\" decoding=\"async\" width=\"1031\" height=\"773\" src=\"https:\/\/www.lpsarad.ro\/wp-content\/uploads\/2017\/11\/Parteneriate9.jpg\" alt=\"\" data-id=\"958\" class=\"wp-image-958\" srcset=\"https:\/\/www.lpsarad.ro\/wp-content\/uploads\/2017\/11\/Parteneriate9.jpg 1031w, https:\/\/www.lpsarad.ro\/wp-content\/uploads\/2017\/11\/Parteneriate9-300x225.jpg 300w, https:\/\/www.lpsarad.ro\/wp-content\/uploads\/2017\/11\/Parteneriate9-768x576.jpg 768w, https:\/\/www.lpsarad.ro\/wp-content\/uploads\/2017\/11\/Parteneriate9-1024x768.jpg 1024w\" sizes=\"auto, (max-width: 1031px) 100vw, 1031px\" \/><\/a><\/figure><\/li><li class=\"blocks-gallery-item\"><figure><a href=\"https:\/\/www.lpsarad.ro\/wp-content\/uploads\/2017\/11\/Parteneriate8.jpg\"><img loading=\"lazy\" decoding=\"async\" width=\"1031\" height=\"773\" src=\"https:\/\/www.lpsarad.ro\/wp-content\/uploads\/2017\/11\/Parteneriate8.jpg\" alt=\"\" data-id=\"957\" class=\"wp-image-957\" srcset=\"https:\/\/www.lpsarad.ro\/wp-content\/uploads\/2017\/11\/Parteneriate8.jpg 1031w, https:\/\/www.lpsarad.ro\/wp-content\/uploads\/2017\/11\/Parteneriate8-300x225.jpg 300w, https:\/\/www.lpsarad.ro\/wp-content\/uploads\/2017\/11\/Parteneriate8-768x576.jpg 768w, https:\/\/www.lpsarad.ro\/wp-content\/uploads\/2017\/11\/Parteneriate8-1024x768.jpg 1024w\" sizes=\"auto, (max-width: 1031px) 100vw, 1031px\" \/><\/a><\/figure><\/li><li class=\"blocks-gallery-item\"><figure><a href=\"https:\/\/www.lpsarad.ro\/wp-content\/uploads\/2017\/11\/Parteneriate7.jpg\"><img loading=\"lazy\" decoding=\"async\" width=\"1031\" height=\"773\" src=\"https:\/\/www.lpsarad.ro\/wp-content\/uploads\/2017\/11\/Parteneriate7.jpg\" alt=\"\" data-id=\"956\" class=\"wp-image-956\" srcset=\"https:\/\/www.lpsarad.ro\/wp-content\/uploads\/2017\/11\/Parteneriate7.jpg 1031w, https:\/\/www.lpsarad.ro\/wp-content\/uploads\/2017\/11\/Parteneriate7-300x225.jpg 300w, https:\/\/www.lpsarad.ro\/wp-content\/uploads\/2017\/11\/Parteneriate7-768x576.jpg 768w, https:\/\/www.lpsarad.ro\/wp-content\/uploads\/2017\/11\/Parteneriate7-1024x768.jpg 1024w\" sizes=\"auto, (max-width: 1031px) 100vw, 1031px\" \/><\/a><\/figure><\/li><li class=\"blocks-gallery-item\"><figure><a href=\"https:\/\/www.lpsarad.ro\/wp-content\/uploads\/2017\/11\/Parteneriate6.jpg\"><img loading=\"lazy\" decoding=\"async\" width=\"1031\" height=\"773\" src=\"https:\/\/www.lpsarad.ro\/wp-content\/uploads\/2017\/11\/Parteneriate6.jpg\" alt=\"\" data-id=\"955\" class=\"wp-image-955\" srcset=\"https:\/\/www.lpsarad.ro\/wp-content\/uploads\/2017\/11\/Parteneriate6.jpg 1031w, https:\/\/www.lpsarad.ro\/wp-content\/uploads\/2017\/11\/Parteneriate6-300x225.jpg 300w, https:\/\/www.lpsarad.ro\/wp-content\/uploads\/2017\/11\/Parteneriate6-768x576.jpg 768w, https:\/\/www.lpsarad.ro\/wp-content\/uploads\/2017\/11\/Parteneriate6-1024x768.jpg 1024w\" sizes=\"auto, (max-width: 1031px) 100vw, 1031px\" \/><\/a><\/figure><\/li><li class=\"blocks-gallery-item\"><figure><a href=\"https:\/\/www.lpsarad.ro\/wp-content\/uploads\/2017\/11\/Parteneriate5.jpg\"><img loading=\"lazy\" decoding=\"async\" width=\"1031\" height=\"773\" src=\"https:\/\/www.lpsarad.ro\/wp-content\/uploads\/2017\/11\/Parteneriate5.jpg\" alt=\"\" data-id=\"954\" class=\"wp-image-954\" srcset=\"https:\/\/www.lpsarad.ro\/wp-content\/uploads\/2017\/11\/Parteneriate5.jpg 1031w, https:\/\/www.lpsarad.ro\/wp-content\/uploads\/2017\/11\/Parteneriate5-300x225.jpg 300w, https:\/\/www.lpsarad.ro\/wp-content\/uploads\/2017\/11\/Parteneriate5-768x576.jpg 768w, https:\/\/www.lpsarad.ro\/wp-content\/uploads\/2017\/11\/Parteneriate5-1024x768.jpg 1024w\" sizes=\"auto, (max-width: 1031px) 100vw, 1031px\" \/><\/a><\/figure><\/li><li class=\"blocks-gallery-item\"><figure><a href=\"https:\/\/www.lpsarad.ro\/wp-content\/uploads\/2017\/11\/Parteneriate4.png\"><img loading=\"lazy\" decoding=\"async\" width=\"905\" height=\"679\" src=\"https:\/\/www.lpsarad.ro\/wp-content\/uploads\/2017\/11\/Parteneriate4.png\" alt=\"\" data-id=\"953\" class=\"wp-image-953\" srcset=\"https:\/\/www.lpsarad.ro\/wp-content\/uploads\/2017\/11\/Parteneriate4.png 905w, https:\/\/www.lpsarad.ro\/wp-content\/uploads\/2017\/11\/Parteneriate4-300x225.png 300w, https:\/\/www.lpsarad.ro\/wp-content\/uploads\/2017\/11\/Parteneriate4-768x576.png 768w\" sizes=\"auto, (max-width: 905px) 100vw, 905px\" \/><\/a><\/figure><\/li><li class=\"blocks-gallery-item\"><figure><a href=\"https:\/\/www.lpsarad.ro\/wp-content\/uploads\/2017\/11\/Parteneriate3.png\"><img loading=\"lazy\" decoding=\"async\" width=\"703\" height=\"938\" src=\"https:\/\/www.lpsarad.ro\/wp-content\/uploads\/2017\/11\/Parteneriate3.png\" alt=\"\" data-id=\"952\" class=\"wp-image-952\" srcset=\"https:\/\/www.lpsarad.ro\/wp-content\/uploads\/2017\/11\/Parteneriate3.png 703w, https:\/\/www.lpsarad.ro\/wp-content\/uploads\/2017\/11\/Parteneriate3-225x300.png 225w\" sizes=\"auto, (max-width: 703px) 100vw, 703px\" \/><\/a><\/figure><\/li><li class=\"blocks-gallery-item\"><figure><a href=\"https:\/\/www.lpsarad.ro\/wp-content\/uploads\/2017\/11\/Parteneriate2.png\"><img loading=\"lazy\" decoding=\"async\" width=\"680\" height=\"510\" src=\"https:\/\/www.lpsarad.ro\/wp-content\/uploads\/2017\/11\/Parteneriate2.png\" alt=\"\" data-id=\"951\" class=\"wp-image-951\" srcset=\"https:\/\/www.lpsarad.ro\/wp-content\/uploads\/2017\/11\/Parteneriate2.png 680w, https:\/\/www.lpsarad.ro\/wp-content\/uploads\/2017\/11\/Parteneriate2-300x225.png 300w\" sizes=\"auto, (max-width: 680px) 100vw, 680px\" \/><\/a><\/figure><\/li><li class=\"blocks-gallery-item\"><figure><a href=\"https:\/\/www.lpsarad.ro\/wp-content\/uploads\/2017\/11\/Parteneriate1.png\"><img loading=\"lazy\" decoding=\"async\" width=\"641\" height=\"481\" src=\"https:\/\/www.lpsarad.ro\/wp-content\/uploads\/2017\/11\/Parteneriate1.png\" alt=\"\" data-id=\"950\" class=\"wp-image-950\" srcset=\"https:\/\/www.lpsarad.ro\/wp-content\/uploads\/2017\/11\/Parteneriate1.png 641w, https:\/\/www.lpsarad.ro\/wp-content\/uploads\/2017\/11\/Parteneriate1-300x225.png 300w\" sizes=\"auto, (max-width: 641px) 100vw, 641px\" \/><\/a><\/figure><\/li><li class=\"blocks-gallery-item\"><figure><a href=\"https:\/\/www.lpsarad.ro\/wp-content\/uploads\/2017\/11\/Parteneriate28.jpg\"><img loading=\"lazy\" decoding=\"async\" width=\"974\" height=\"730\" src=\"https:\/\/www.lpsarad.ro\/wp-content\/uploads\/2017\/11\/Parteneriate28.jpg\" alt=\"\" data-id=\"949\" class=\"wp-image-949\" srcset=\"https:\/\/www.lpsarad.ro\/wp-content\/uploads\/2017\/11\/Parteneriate28.jpg 974w, https:\/\/www.lpsarad.ro\/wp-content\/uploads\/2017\/11\/Parteneriate28-300x225.jpg 300w, https:\/\/www.lpsarad.ro\/wp-content\/uploads\/2017\/11\/Parteneriate28-768x576.jpg 768w\" sizes=\"auto, (max-width: 974px) 100vw, 974px\" \/><\/a><\/figure><\/li><\/ul><\/figure>\n","protected":false},"excerpt":{"rendered":"<p>\u0218coala din Kikinda \u0219i \u201eBASCHET 3\u04253 KIKINDA&nbsp;2017\u201c au organizat competi\u0163ia: \u201ePUTEREA&nbsp;TINERETULUI PENTRU O VIA\u021a\u0102&nbsp;S\u0102N\u0102TOAS\u0102&nbsp;III\u201c, competi\u021bie la care a fost invitat \u0219i liceul nostru.<\/p>\n","protected":false},"author":1,"featured_media":0,"parent":282,"menu_order":4,"comment_status":"closed","ping_status":"closed","template":"","meta":{"footnotes":""},"class_list":["post-298","page","type-page","status-publish","hentry"],"_links":{"self":[{"href":"https:\/\/www.lpsarad.ro\/index.php?rest_route=\/wp\/v2\/pages\/298","targetHints":{"allow":["GET"]}}],"collection":[{"href":"https:\/\/www.lpsarad.ro\/index.php?rest_route=\/wp\/v2\/pages"}],"about":[{"href":"https:\/\/www.lpsarad.ro\/index.php?rest_route=\/wp\/v2\/types\/page"}],"author":[{"embeddable":true,"href":"https:\/\/www.lpsarad.ro\/index.php?rest_route=\/wp\/v2\/users\/1"}],"replies":[{"embeddable":true,"href":"https:\/\/www.lpsarad.ro\/index.php?rest_route=%2Fwp%2Fv2%2Fcomments&post=298"}],"version-history":[{"count":14,"href":"https:\/\/www.lpsarad.ro\/index.php?rest_route=\/wp\/v2\/pages\/298\/revisions"}],"predecessor-version":[{"id":3635,"href":"https:\/\/www.lpsarad.ro\/index.php?rest_route=\/wp\/v2\/pages\/298\/revisions\/3635"}],"up":[{"embeddable":true,"href":"https:\/\/www.lpsarad.ro\/index.php?rest_route=\/wp\/v2\/pages\/282"}],"wp:attachment":[{"href":"https:\/\/www.lpsarad.ro\/index.php?rest_route=%2Fwp%2Fv2%2Fmedia&parent=298"}],"curies":[{"name":"wp","href":"https:\/\/api.w.org\/{rel}","templated":true}]}}