{"id":3213,"date":"2019-10-10T08:37:29","date_gmt":"2019-10-10T05:37:29","guid":{"rendered":"http:\/\/www.lpsarad.ro\/?page_id=3213"},"modified":"2023-02-03T10:47:59","modified_gmt":"2023-02-03T08:47:59","slug":"proiect-erasmus","status":"publish","type":"page","link":"https:\/\/www.lpsarad.ro\/?page_id=3213","title":{"rendered":"Proiect ERASMUS"},"content":{"rendered":"\n<p><\/p>\n\n\n\n<figure class=\"wp-block-image size-full\"><a href=\"https:\/\/www.lpsarad.ro\/wp-content\/uploads\/2023\/02\/270212000_492769315520939_8000246482408889908_n-960x540-2.jpg\"><img loading=\"lazy\" decoding=\"async\" width=\"960\" height=\"540\" src=\"https:\/\/www.lpsarad.ro\/wp-content\/uploads\/2023\/02\/270212000_492769315520939_8000246482408889908_n-960x540-2.jpg\" alt=\"\" class=\"wp-image-4339\" srcset=\"https:\/\/www.lpsarad.ro\/wp-content\/uploads\/2023\/02\/270212000_492769315520939_8000246482408889908_n-960x540-2.jpg 960w, https:\/\/www.lpsarad.ro\/wp-content\/uploads\/2023\/02\/270212000_492769315520939_8000246482408889908_n-960x540-2-300x169.jpg 300w, https:\/\/www.lpsarad.ro\/wp-content\/uploads\/2023\/02\/270212000_492769315520939_8000246482408889908_n-960x540-2-768x432.jpg 768w\" sizes=\"auto, (max-width: 960px) 100vw, 960px\" \/><\/a><\/figure>\n\n\n\n<p><\/p>\n\n\n\n<p><a rel=\"noreferrer noopener\" aria-label=\" (se deschide \u00eentr-o fil\u0103 nou\u0103)\" href=\"https:\/\/www.lpsarad.ro\/wp-content\/uploads\/2019\/10\/anunt-selectie-ERASMUS-Vise-\u00eemplinite-\u00een-\u0219i-prin-sport.pdf\" target=\"_blank\">ERASMUS+ Vise \u00eemplinite \u00een \u0219i prin sport<\/a><\/p>\n\n\n\n<p><a rel=\"noreferrer noopener\" aria-label=\" (se deschide \u00eentr-o fil\u0103 nou\u0103)\" href=\"https:\/\/www.lpsarad.ro\/wp-content\/uploads\/2019\/10\/Rezultate-selectie-finale.pdf\" target=\"_blank\">Rezultate finale selec\u021bie<\/a><\/p>\n\n\n\n<p><a rel=\"noreferrer noopener\" aria-label=\"Rezultate selec\u021bie (se deschide \u00eentr-o fil\u0103 nou\u0103)\" href=\"https:\/\/www.lpsarad.ro\/wp-content\/uploads\/2019\/10\/Rezultate-selectie.pdf\" target=\"_blank\">Rezultate selec\u021bie<\/a><\/p>\n\n\n\n<p><a href=\"https:\/\/www.lpsarad.ro\/wp-content\/uploads\/2019\/11\/Anunt-selectie-stagiari-VET-modificat.pdf\" target=\"_blank\" rel=\"noreferrer noopener\" aria-label=\" (se deschide \u00eentr-o fil\u0103 nou\u0103)\">Anun\u021b selec\u021bie stagiari VET<\/a><\/p>\n\n\n\n<p><a rel=\"noreferrer noopener\" aria-label=\"Calendar selec\u021bie stagiari VET (se deschide \u00eentr-o fil\u0103 nou\u0103)\" href=\"https:\/\/www.lpsarad.ro\/wp-content\/uploads\/2019\/11\/calendar-selectie-stagiari-VET.pdf\" target=\"_blank\">Calendar selec\u021bie stagiari VET<\/a><\/p>\n\n\n\n<p><a rel=\"noreferrer noopener\" aria-label=\" (se deschide \u00eentr-o fil\u0103 nou\u0103)\" href=\"https:\/\/www.lpsarad.ro\/wp-content\/uploads\/2019\/11\/Formulare-selectie-STAGIARI-VET-modificat.pdf\" target=\"_blank\">Formulare selec\u021bie stagiari VET<\/a><\/p>\n\n\n\n<p><a rel=\"noreferrer noopener\" aria-label=\"Rezultate selec\u021bie stagiari VET (se deschide \u00eentr-o fil\u0103 nou\u0103)\" href=\"https:\/\/www.lpsarad.ro\/wp-content\/uploads\/2019\/11\/Rezultate-selectie-stagiari-VET-ERASMUS.pdf\" target=\"_blank\">Rezultate selec\u021bie stagiari VET<\/a><\/p>\n\n\n\n<p><a rel=\"noreferrer noopener\" aria-label=\"Rezultate finale selec\u021bie stagiari VET (se deschide \u00eentr-o fil\u0103 nou\u0103)\" href=\"https:\/\/www.lpsarad.ro\/wp-content\/uploads\/2019\/11\/Rezultate-finale-selectie-stagiari-VET-ERASMUS.pdf\" target=\"_blank\">Rezultate finale selec\u021bie stagiari VET<\/a><\/p>\n\n\n\n<p><\/p>\n\n\n\n<p><\/p>\n\n\n\n<p><\/p>\n\n\n\n<p><\/p>\n\n\n\n<p class=\"has-large-font-size\"><strong>Proiect ERASMUS+ An: 2020-2021:<\/strong><\/p>\n\n\n\n<p><\/p>\n\n\n\n<p><\/p>\n\n\n\n<p><\/p>\n\n\n\n<p class=\"has-medium-font-size\">Rezultate selec\u021bie stagiari VET Participan\u021bi la Mobilitate In Cadrul Proiectului ERASMUS+: <a href=\"https:\/\/www.lpsarad.ro\/wp-content\/uploads\/2020\/09\/Rezultate-selectie-stagiari-erasmus.pdf\" data-type=\"URL\" data-id=\"https:\/\/www.lpsarad.ro\/wp-content\/uploads\/2020\/09\/Rezultate-selectie-stagiari-erasmus.pdf\">&gt;&gt;==&lt;&lt; download &gt;&gt;==&lt;&lt;<\/a><\/p>\n\n\n\n<p class=\"has-medium-font-size\">Rezultate FINALE selec\u021bie stagiari VET Participan\u021bi la Mobilitate In Cadrul Proiectului ERASMUS+: <a href=\"https:\/\/www.lpsarad.ro\/wp-content\/uploads\/2020\/09\/Rezultate-finale-selectie-stagiari-erasmus.pdf\" data-type=\"URL\" data-id=\"https:\/\/www.lpsarad.ro\/wp-content\/uploads\/2020\/09\/Rezultate-finale-selectie-stagiari-erasmus.pdf\">&gt;&gt;==&lt;&lt; download &gt;&gt;==&lt;&lt;<\/a><\/p>\n\n\n\n<p class=\"has-medium-font-size\">Anun\u021b privind stabilirea cadrelor didactice \u00eenso\u021bitoare \u00een cadrul proiectului ERASMUS+: <a href=\"https:\/\/www.lpsarad.ro\/wp-content\/uploads\/2020\/09\/anunt-privind-stabilirea-cadrelor-didactice-insotitoare.pdf\" data-type=\"URL\" data-id=\"https:\/\/www.lpsarad.ro\/wp-content\/uploads\/2020\/09\/anunt-privind-stabilirea-cadrelor-didactice-insotitoare.pdf\">&gt;&gt;==&lt;&lt; download &gt;&gt;==&lt;&lt;<\/a><\/p>\n","protected":false},"excerpt":{"rendered":"<p>ERASMUS+ Vise \u00eemplinite \u00een \u0219i prin sport Rezultate finale selec\u021bie Rezultate selec\u021bie Anun\u021b selec\u021bie stagiari VET Calendar selec\u021bie stagiari VET Formulare selec\u021bie stagiari VET Rezultate selec\u021bie stagiari VET Rezultate finale selec\u021bie stagiari VET Proiect ERASMUS+ An: 2020-2021: Rezultate selec\u021bie stagiari &hellip; <a href=\"https:\/\/www.lpsarad.ro\/?page_id=3213\">Continu\u0103 s\u0103 cite\u0219ti <span class=\"meta-nav\">&rarr;<\/span><\/a><\/p>\n","protected":false},"author":1,"featured_media":0,"parent":1709,"menu_order":1,"comment_status":"closed","ping_status":"closed","template":"","meta":{"footnotes":""},"class_list":["post-3213","page","type-page","status-publish","hentry"],"_links":{"self":[{"href":"https:\/\/www.lpsarad.ro\/index.php?rest_route=\/wp\/v2\/pages\/3213","targetHints":{"allow":["GET"]}}],"collection":[{"href":"https:\/\/www.lpsarad.ro\/index.php?rest_route=\/wp\/v2\/pages"}],"about":[{"href":"https:\/\/www.lpsarad.ro\/index.php?rest_route=\/wp\/v2\/types\/page"}],"author":[{"embeddable":true,"href":"https:\/\/www.lpsarad.ro\/index.php?rest_route=\/wp\/v2\/users\/1"}],"replies":[{"embeddable":true,"href":"https:\/\/www.lpsarad.ro\/index.php?rest_route=%2Fwp%2Fv2%2Fcomments&post=3213"}],"version-history":[{"count":16,"href":"https:\/\/www.lpsarad.ro\/index.php?rest_route=\/wp\/v2\/pages\/3213\/revisions"}],"predecessor-version":[{"id":4340,"href":"https:\/\/www.lpsarad.ro\/index.php?rest_route=\/wp\/v2\/pages\/3213\/revisions\/4340"}],"up":[{"embeddable":true,"href":"https:\/\/www.lpsarad.ro\/index.php?rest_route=\/wp\/v2\/pages\/1709"}],"wp:attachment":[{"href":"https:\/\/www.lpsarad.ro\/index.php?rest_route=%2Fwp%2Fv2%2Fmedia&parent=3213"}],"curies":[{"name":"wp","href":"https:\/\/api.w.org\/{rel}","templated":true}]}}