{"id":3570,"date":"2020-04-07T15:27:33","date_gmt":"2020-04-07T12:27:33","guid":{"rendered":"http:\/\/www.lpsarad.ro\/?page_id=3570"},"modified":"2025-09-06T14:52:46","modified_gmt":"2025-09-06T11:52:46","slug":"proiect-euro-200","status":"publish","type":"page","link":"https:\/\/www.lpsarad.ro\/?page_id=3570","title":{"rendered":"EURO 200"},"content":{"rendered":"\n<p><\/p>\n\n\n\n<p><a rel=\"noreferrer noopener\" href=\"https:\/\/www.lpsarad.ro\/wp-content\/uploads\/2020\/04\/Adres\u0103-depunere-cereri-Euro-200-ISJ-ISMB.pdf.pdf\" target=\"_blank\">Adres\u0103 depunere cereri EURO 200<\/a><\/p>\n\n\n\n<p><a rel=\"noreferrer noopener\" href=\"https:\/\/www.lpsarad.ro\/wp-content\/uploads\/2020\/04\/Hot\u0103r\u00e2re-225-2020.pdf.pdf\" target=\"_blank\">Hot\u0103r\u00e2re 225\/2020<\/a><\/p>\n\n\n\n<p><a rel=\"noreferrer noopener\" href=\"https:\/\/www.lpsarad.ro\/wp-content\/uploads\/2020\/04\/Legea-269_2004_cu-modif-si-compl-ulterioare.pdf\" target=\"_blank\">Legea 269\/2004 cu modific\u0103ri \u0219i complet\u0103ri ulterioare<\/a><\/p>\n\n\n\n<p><a rel=\"noreferrer noopener\" href=\"https:\/\/www.lpsarad.ro\/wp-content\/uploads\/2020\/04\/HG-1294_2004_cu-modif-si-compl-ulterioare.pdf\" target=\"_blank\">HG 1294\/2004 cu modific\u0103ri \u0219i complet\u0103ri ulterioare<\/a><\/p>\n\n\n\n<p><a href=\"https:\/\/www.lpsarad.ro\/wp-content\/uploads\/2020\/04\/Informatii-utile-si-model-cerere.pdf\" target=\"_blank\" rel=\"noreferrer noopener\">Informa\u021bii utile \u0219i model cerere<\/a><\/p>\n","protected":false},"excerpt":{"rendered":"<p>Adres\u0103 depunere cereri EURO 200 Hot\u0103r\u00e2re 225\/2020 Legea 269\/2004 cu modific\u0103ri \u0219i complet\u0103ri ulterioare HG 1294\/2004 cu modific\u0103ri \u0219i complet\u0103ri ulterioare Informa\u021bii utile \u0219i model cerere<\/p>\n","protected":false},"author":1,"featured_media":0,"parent":0,"menu_order":12,"comment_status":"closed","ping_status":"closed","template":"","meta":{"footnotes":""},"class_list":["post-3570","page","type-page","status-publish","hentry"],"_links":{"self":[{"href":"https:\/\/www.lpsarad.ro\/index.php?rest_route=\/wp\/v2\/pages\/3570","targetHints":{"allow":["GET"]}}],"collection":[{"href":"https:\/\/www.lpsarad.ro\/index.php?rest_route=\/wp\/v2\/pages"}],"about":[{"href":"https:\/\/www.lpsarad.ro\/index.php?rest_route=\/wp\/v2\/types\/page"}],"author":[{"embeddable":true,"href":"https:\/\/www.lpsarad.ro\/index.php?rest_route=\/wp\/v2\/users\/1"}],"replies":[{"embeddable":true,"href":"https:\/\/www.lpsarad.ro\/index.php?rest_route=%2Fwp%2Fv2%2Fcomments&post=3570"}],"version-history":[{"count":2,"href":"https:\/\/www.lpsarad.ro\/index.php?rest_route=\/wp\/v2\/pages\/3570\/revisions"}],"predecessor-version":[{"id":3579,"href":"https:\/\/www.lpsarad.ro\/index.php?rest_route=\/wp\/v2\/pages\/3570\/revisions\/3579"}],"wp:attachment":[{"href":"https:\/\/www.lpsarad.ro\/index.php?rest_route=%2Fwp%2Fv2%2Fmedia&parent=3570"}],"curies":[{"name":"wp","href":"https:\/\/api.w.org\/{rel}","templated":true}]}}